{"id":62,"date":"2025-07-13T08:36:55","date_gmt":"2025-07-13T08:36:55","guid":{"rendered":"https:\/\/recursing-gould.195-200-101-229.plesk.page\/?page_id=62"},"modified":"2026-02-06T09:18:54","modified_gmt":"2026-02-06T09:18:54","slug":"reglement-interieur","status":"publish","type":"page","link":"https:\/\/camping-plaisance.com\/index.php\/reglement-interieur\/","title":{"rendered":"R\u00e8glement int\u00e9rieur"},"content":{"rendered":"<h1>R\u00e8glement int\u00e9rieur<\/h1>\n<h2>R\u00e8glement int\u00e9rieur du Camping 3*<br \/>\ndu Port de Plaisance \u00e0 P\u00e9ronne<\/h2>\n<p><b>Conditions d&rsquo;admission<\/b><br \/>\nPour \u00eatre admis \u00e0 s\u2019installer et s\u00e9journer sur le terrain de Camping *** du Port de Plaisance, il faut y avoir \u00e9t\u00e9 autoris\u00e9 par la r\u00e9ception. Le gestionnaire du Camping a pour obligation de veiller \u00e0 la bonne tenue et au bon ordre du terrain de camping ainsi qu\u2019au respect de l\u2019application du pr\u00e9sent r\u00e8glement int\u00e9rieur. Le fait de s\u00e9journer sur le terrain de camping implique l\u2019acceptation des dispositions du pr\u00e9sent r\u00e8glement et l\u2019engagement de s\u2019y conformer.<\/p>\n<p><b>Formalit\u00e9s de Police<\/b><br \/>\nToute personne devant s\u00e9journer au moins une nuit dans le terrain de Camping *** du Port de Plaisance doit au pr\u00e9alable pr\u00e9senter \u00e0 la r\u00e9ception une pi\u00e8ce d\u2019identit\u00e9 et remplir les formalit\u00e9s exig\u00e9es par la police. Les mineurs non accompagn\u00e9s de leurs parents ne seront admis qu\u2019avec une autorisation \u00e9crite de ceux-ci.<\/p>\n<p><b>Installation<\/b><br \/>\nLa tente ou la caravane et le mat\u00e9riel y aff\u00e8rent doivent \u00eatre install\u00e9s \u00e0 l\u2019emplacement indiqu\u00e9 conform\u00e9ment aux directives donn\u00e9es par le gestionnaire ou son repr\u00e9sentant. Aucune tente ne peut \u00eatre install\u00e9e sur les emplacements r\u00e9serv\u00e9s aux locatifs. Les chalets accueillent un maximum de 5 personnes. Les animaux domestiques (except\u00e9s les chiens de premi\u00e8re et deuxi\u00e8me cat\u00e9gories) sont accept\u00e9s dans les locatifs.<\/p>\n<p><b>Bureau d&rsquo;accueil<\/b><br \/>\nOuvert de 8 heures \u00e0 20 heures en saison et horaires variables en demi saison. On trouvera au bureau d\u2019accueil tous les renseignements sur les services du terrain de camping, les informations sur les possibilit\u00e9s de ravitaillement, les installations sportives, les richesses touristiques de la Haute Somme et diverses adresses qui peuvent s\u2019av\u00e9rer utiles.<\/p>\n<p><b>Redevance<\/b><br \/>\nLes redevances sont pay\u00e9es au bureau d\u2019accueil. Leur montant fait l\u2019objet d\u2019un affichage \u00e0 l\u2019entr\u00e9e du terrain de Camping *** du Port de Plaisance et au bureau d\u2019accueil. Elles sont dues selon le nombre de nuits pass\u00e9es sur le terrain. Les usagers du terrain de camping sont invit\u00e9s \u00e0 pr\u00e9venir le bureau d\u2019accueil de leur d\u00e9part d\u00e8s la veille de celui-ci. Les campeurs ayant l\u2019intention de partir avant l\u2019heure d\u2019ouverture du bureau d\u2019accueil doivent effectuer la veille le paiement de leurs redevances.<\/p>\n<p><b>Bruit et Silence<\/b><br \/>\nLes usagers du terrain de camping sont constamment pri\u00e9s de respecter le calme et la tranquillit\u00e9 du site en veillant \u00e0 \u00e9viter tous bruits qui pourraient g\u00eaner leurs voisins. Les appareils sonores doivent \u00eatre r\u00e9gl\u00e9s en cons\u00e9quence. Les fermetures de porti\u00e8res et de coffres doivent \u00eatre aussi discr\u00e8tes que possible. Les chiens et autres animaux ne doivent jamais \u00eatre laiss\u00e9s en libert\u00e9. Ils ne doivent pas \u00eatre laiss\u00e9s au terrain de camping, m\u00eame enferm\u00e9s en l\u2019absence de leurs ma\u00eetres qui en sont civilement responsables. Les animaux domestiques (chien de premi\u00e8re cat\u00e9gorie) sont accept\u00e9s dans les locatifs. Le silence doit \u00eatre total entre 22 heures et 8 heures.<\/p>\n<p><b>Visiteurs<\/b><br \/>\nApr\u00e8s avoir \u00e9t\u00e9 autoris\u00e9s par la r\u00e9ception, les visiteurs peuvent \u00eatre admis dans le terrain de Camping *** du Port de Plaisance sous la responsabilit\u00e9 des campeurs qui les re\u00e7oivent. Le campeur peut recevoir un ou des visiteurs \u00e0 l\u2019accueil. Si ces visiteurs sont admis \u00e0 p\u00e9n\u00e9trer dans le terrain de Camping *** du Port de Plaisance, le campeur qui les re\u00e7oit peut \u00eatre tenu d\u2019acquitter une redevance, dans la mesure o\u00f9 le visiteur a acc\u00e8s aux prestations et\/ou installations du terrain de camping. Cette redevance fait l\u2019objet d\u2019un affichage \u00e0 l\u2019entr\u00e9e du terrain de camping et au bureau d\u2019accueil. Les voitures des visiteurs sont interdites dans le terrain de Camping *** du Port de Plaisance.<\/p>\n<p><b>T\u00e9l\u00e9phone d&rsquo;urgence<\/b><br \/>\nSamu (m\u00e9decin) 15 &#8211; Pompiers 18 &#8211; Police 17 &#8211; Appel d&rsquo;urgence europ\u00e9en (portable) 112<\/p>\n<p>Le r\u00e8glement int\u00e9rieur complet est \u00e0 votre disposition \u00e0 la r\u00e9ception de notre Camping.<\/p>\n","protected":false},"excerpt":{"rendered":"<p>R\u00e8glement int\u00e9rieur R\u00e8glement int\u00e9rieur du Camping 3* du Port de Plaisance \u00e0 P\u00e9ronne Conditions d&rsquo;admission Pour \u00eatre admis \u00e0 s\u2019installer et s\u00e9journer sur le terrain de Camping *** du Port de Plaisance, il faut y avoir \u00e9t\u00e9 autoris\u00e9 par la r\u00e9ception. Le gestionnaire du Camping a pour obligation de veiller \u00e0 la bonne tenue et [&hellip;]<\/p>\n","protected":false},"author":1,"featured_media":0,"parent":0,"menu_order":0,"comment_status":"closed","ping_status":"closed","template":"elementor_header_footer","meta":{"footnotes":""},"class_list":["post-62","page","type-page","status-publish","hentry"],"blocksy_meta":{"styles_descriptor":{"styles":{"desktop":"","tablet":"","mobile":""},"google_fonts":[],"version":6}},"yoast_head":"<!-- This site is optimized with the Yoast SEO plugin v27.1.1 - https:\/\/yoast.com\/product\/yoast-seo-wordpress\/ -->\n<title>R\u00e8glement int\u00e9rieur | Camping*** du Port de Plaisance<\/title>\n<meta name=\"description\" content=\"R\u00e8glement int\u00e9rieur du Camping 3 \u00e9toiles du Port de Plaisance \u00e0 P\u00e9ronne : conditions d&#039;admission, installation, bureau d&#039;accueil, consignes...\" \/>\n<meta name=\"robots\" content=\"index, follow, max-snippet:-1, max-image-preview:large, max-video-preview:-1\" \/>\n<link rel=\"canonical\" href=\"https:\/\/camping-plaisance.com\/index.php\/reglement-interieur\/\" \/>\n<meta property=\"og:locale\" content=\"fr_FR\" \/>\n<meta property=\"og:type\" content=\"article\" \/>\n<meta property=\"og:title\" content=\"R\u00e8glement int\u00e9rieur | Camping*** du Port de Plaisance\" \/>\n<meta property=\"og:description\" content=\"R\u00e8glement int\u00e9rieur du Camping 3 \u00e9toiles du Port de Plaisance \u00e0 P\u00e9ronne : conditions d&#039;admission, installation, bureau d&#039;accueil, consignes...\" \/>\n<meta property=\"og:url\" content=\"https:\/\/camping-plaisance.com\/index.php\/reglement-interieur\/\" \/>\n<meta property=\"og:site_name\" content=\"Camping*** du Port de Plaisance\" \/>\n<meta property=\"article:publisher\" content=\"https:\/\/www.facebook.com\/camping.peronne\/\" \/>\n<meta property=\"article:modified_time\" content=\"2026-02-06T09:18:54+00:00\" \/>\n<meta property=\"og:image\" content=\"https:\/\/camping-plaisance.com\/wp-content\/uploads\/2022\/01\/Services_CampingPortdePlaisance_Peronne_\u00a9bteissedre-3.jpg\" \/>\n\t<meta property=\"og:image:width\" content=\"1618\" \/>\n\t<meta property=\"og:image:height\" content=\"1080\" \/>\n\t<meta property=\"og:image:type\" content=\"image\/jpeg\" \/>\n<meta name=\"twitter:card\" content=\"summary_large_image\" \/>\n<meta name=\"twitter:label1\" content=\"Dur\u00e9e de lecture estim\u00e9e\" \/>\n\t<meta name=\"twitter:data1\" content=\"4 minutes\" \/>\n<script type=\"application\/ld+json\" class=\"yoast-schema-graph\">{\"@context\":\"https:\/\/schema.org\",\"@graph\":[{\"@type\":\"WebPage\",\"@id\":\"https:\/\/camping-plaisance.com\/index.php\/reglement-interieur\/\",\"url\":\"https:\/\/camping-plaisance.com\/index.php\/reglement-interieur\/\",\"name\":\"R\u00e8glement int\u00e9rieur | Camping*** du Port de Plaisance\",\"isPartOf\":{\"@id\":\"https:\/\/camping-plaisance.com\/#website\"},\"datePublished\":\"2025-07-13T08:36:55+00:00\",\"dateModified\":\"2026-02-06T09:18:54+00:00\",\"description\":\"R\u00e8glement int\u00e9rieur du Camping 3 \u00e9toiles du Port de Plaisance \u00e0 P\u00e9ronne : conditions d'admission, installation, bureau d'accueil, consignes...\",\"breadcrumb\":{\"@id\":\"https:\/\/camping-plaisance.com\/index.php\/reglement-interieur\/#breadcrumb\"},\"inLanguage\":\"fr-FR\",\"potentialAction\":[{\"@type\":\"ReadAction\",\"target\":[\"https:\/\/camping-plaisance.com\/index.php\/reglement-interieur\/\"]}]},{\"@type\":\"BreadcrumbList\",\"@id\":\"https:\/\/camping-plaisance.com\/index.php\/reglement-interieur\/#breadcrumb\",\"itemListElement\":[{\"@type\":\"ListItem\",\"position\":1,\"name\":\"Accueil\",\"item\":\"https:\/\/camping-plaisance.com\/\"},{\"@type\":\"ListItem\",\"position\":2,\"name\":\"R\u00e8glement int\u00e9rieur\"}]},{\"@type\":\"WebSite\",\"@id\":\"https:\/\/camping-plaisance.com\/#website\",\"url\":\"https:\/\/camping-plaisance.com\/\",\"name\":\"Camping *** du Port de Plaisance\",\"description\":\"La nature dans la ville\",\"publisher\":{\"@id\":\"https:\/\/camping-plaisance.com\/#organization\"},\"potentialAction\":[{\"@type\":\"SearchAction\",\"target\":{\"@type\":\"EntryPoint\",\"urlTemplate\":\"https:\/\/camping-plaisance.com\/?s={search_term_string}\"},\"query-input\":{\"@type\":\"PropertyValueSpecification\",\"valueRequired\":true,\"valueName\":\"search_term_string\"}}],\"inLanguage\":\"fr-FR\"},{\"@type\":\"Organization\",\"@id\":\"https:\/\/camping-plaisance.com\/#organization\",\"name\":\"Camping *** du Port de Plaisance \u00e0 P\u00e9ronne\",\"url\":\"https:\/\/camping-plaisance.com\/\",\"logo\":{\"@type\":\"ImageObject\",\"inLanguage\":\"fr-FR\",\"@id\":\"https:\/\/camping-plaisance.com\/#\/schema\/logo\/image\/\",\"url\":\"https:\/\/camping-plaisance.com\/wp-content\/uploads\/2024\/05\/logo-camping.png\",\"contentUrl\":\"https:\/\/camping-plaisance.com\/wp-content\/uploads\/2024\/05\/logo-camping.png\",\"width\":1003,\"height\":1003,\"caption\":\"Camping *** du Port de Plaisance \u00e0 P\u00e9ronne\"},\"image\":{\"@id\":\"https:\/\/camping-plaisance.com\/#\/schema\/logo\/image\/\"},\"sameAs\":[\"https:\/\/www.facebook.com\/camping.peronne\/\",\"https:\/\/fr.wikipedia.org\/wiki\/Pronne_Somme\"]}]}<\/script>\n<!-- \/ Yoast SEO plugin. -->","yoast_head_json":{"title":"R\u00e8glement int\u00e9rieur | Camping*** du Port de Plaisance","description":"R\u00e8glement int\u00e9rieur du Camping 3 \u00e9toiles du Port de Plaisance \u00e0 P\u00e9ronne : conditions d'admission, installation, bureau d'accueil, consignes...","robots":{"index":"index","follow":"follow","max-snippet":"max-snippet:-1","max-image-preview":"max-image-preview:large","max-video-preview":"max-video-preview:-1"},"canonical":"https:\/\/camping-plaisance.com\/index.php\/reglement-interieur\/","og_locale":"fr_FR","og_type":"article","og_title":"R\u00e8glement int\u00e9rieur | Camping*** du Port de Plaisance","og_description":"R\u00e8glement int\u00e9rieur du Camping 3 \u00e9toiles du Port de Plaisance \u00e0 P\u00e9ronne : conditions d'admission, installation, bureau d'accueil, consignes...","og_url":"https:\/\/camping-plaisance.com\/index.php\/reglement-interieur\/","og_site_name":"Camping*** du Port de Plaisance","article_publisher":"https:\/\/www.facebook.com\/camping.peronne\/","article_modified_time":"2026-02-06T09:18:54+00:00","og_image":[{"width":1618,"height":1080,"url":"https:\/\/camping-plaisance.com\/wp-content\/uploads\/2022\/01\/Services_CampingPortdePlaisance_Peronne_\u00a9bteissedre-3.jpg","type":"image\/jpeg"}],"twitter_card":"summary_large_image","twitter_misc":{"Dur\u00e9e de lecture estim\u00e9e":"4 minutes"},"schema":{"@context":"https:\/\/schema.org","@graph":[{"@type":"WebPage","@id":"https:\/\/camping-plaisance.com\/index.php\/reglement-interieur\/","url":"https:\/\/camping-plaisance.com\/index.php\/reglement-interieur\/","name":"R\u00e8glement int\u00e9rieur | Camping*** du Port de Plaisance","isPartOf":{"@id":"https:\/\/camping-plaisance.com\/#website"},"datePublished":"2025-07-13T08:36:55+00:00","dateModified":"2026-02-06T09:18:54+00:00","description":"R\u00e8glement int\u00e9rieur du Camping 3 \u00e9toiles du Port de Plaisance \u00e0 P\u00e9ronne : conditions d'admission, installation, bureau d'accueil, consignes...","breadcrumb":{"@id":"https:\/\/camping-plaisance.com\/index.php\/reglement-interieur\/#breadcrumb"},"inLanguage":"fr-FR","potentialAction":[{"@type":"ReadAction","target":["https:\/\/camping-plaisance.com\/index.php\/reglement-interieur\/"]}]},{"@type":"BreadcrumbList","@id":"https:\/\/camping-plaisance.com\/index.php\/reglement-interieur\/#breadcrumb","itemListElement":[{"@type":"ListItem","position":1,"name":"Accueil","item":"https:\/\/camping-plaisance.com\/"},{"@type":"ListItem","position":2,"name":"R\u00e8glement int\u00e9rieur"}]},{"@type":"WebSite","@id":"https:\/\/camping-plaisance.com\/#website","url":"https:\/\/camping-plaisance.com\/","name":"Camping *** du Port de Plaisance","description":"La nature dans la ville","publisher":{"@id":"https:\/\/camping-plaisance.com\/#organization"},"potentialAction":[{"@type":"SearchAction","target":{"@type":"EntryPoint","urlTemplate":"https:\/\/camping-plaisance.com\/?s={search_term_string}"},"query-input":{"@type":"PropertyValueSpecification","valueRequired":true,"valueName":"search_term_string"}}],"inLanguage":"fr-FR"},{"@type":"Organization","@id":"https:\/\/camping-plaisance.com\/#organization","name":"Camping *** du Port de Plaisance \u00e0 P\u00e9ronne","url":"https:\/\/camping-plaisance.com\/","logo":{"@type":"ImageObject","inLanguage":"fr-FR","@id":"https:\/\/camping-plaisance.com\/#\/schema\/logo\/image\/","url":"https:\/\/camping-plaisance.com\/wp-content\/uploads\/2024\/05\/logo-camping.png","contentUrl":"https:\/\/camping-plaisance.com\/wp-content\/uploads\/2024\/05\/logo-camping.png","width":1003,"height":1003,"caption":"Camping *** du Port de Plaisance \u00e0 P\u00e9ronne"},"image":{"@id":"https:\/\/camping-plaisance.com\/#\/schema\/logo\/image\/"},"sameAs":["https:\/\/www.facebook.com\/camping.peronne\/","https:\/\/fr.wikipedia.org\/wiki\/Pronne_Somme"]}]}},"_links":{"self":[{"href":"https:\/\/camping-plaisance.com\/index.php\/wp-json\/wp\/v2\/pages\/62","targetHints":{"allow":["GET"]}}],"collection":[{"href":"https:\/\/camping-plaisance.com\/index.php\/wp-json\/wp\/v2\/pages"}],"about":[{"href":"https:\/\/camping-plaisance.com\/index.php\/wp-json\/wp\/v2\/types\/page"}],"author":[{"embeddable":true,"href":"https:\/\/camping-plaisance.com\/index.php\/wp-json\/wp\/v2\/users\/1"}],"replies":[{"embeddable":true,"href":"https:\/\/camping-plaisance.com\/index.php\/wp-json\/wp\/v2\/comments?post=62"}],"version-history":[{"count":31,"href":"https:\/\/camping-plaisance.com\/index.php\/wp-json\/wp\/v2\/pages\/62\/revisions"}],"predecessor-version":[{"id":227781,"href":"https:\/\/camping-plaisance.com\/index.php\/wp-json\/wp\/v2\/pages\/62\/revisions\/227781"}],"wp:attachment":[{"href":"https:\/\/camping-plaisance.com\/index.php\/wp-json\/wp\/v2\/media?parent=62"}],"curies":[{"name":"wp","href":"https:\/\/api.w.org\/{rel}","templated":true}]}}