{"id":60,"date":"2025-07-13T08:36:38","date_gmt":"2025-07-13T08:36:38","guid":{"rendered":"https:\/\/recursing-gould.195-200-101-229.plesk.page\/?page_id=60"},"modified":"2026-02-06T09:01:52","modified_gmt":"2026-02-06T09:01:52","slug":"conditions-generales-de-vente","status":"publish","type":"page","link":"https:\/\/camping-plaisance.com\/index.php\/conditions-generales-de-vente\/","title":{"rendered":"Conditions g\u00e9n\u00e9rales de vente"},"content":{"rendered":"<h1>Conditions G\u00e9n\u00e9rales de Vente<\/h1>\n<h2>Conditions G\u00e9n\u00e9rales de Vente<br \/>\ndu Camping 3* du Port de Plaisance de P\u00e9ronne<\/h2>\n<p style=\"mso-pagination: none; text-align: justify; text-justify: newspaper; text-kashida-space: 50%;\">Acompte : Afin de confirmer votre demande de r\u00e9servation un acompte de 30% du montant de votre location doit nous \u00eatre vers\u00e9. Et ce par ch\u00e8que vacances, mandat, carte bancaire par t\u00e9l\u00e9phone ou ch\u00e8que bancaire (uniquement en euros) ou notre service de r\u00e9servation en ligne.<\/p>\n<p style=\"mso-pagination: none; text-align: justify; text-justify: newspaper; text-kashida-space: 50%;\">R\u00e9servation : Engagement d\u00e9finitif : Toute r\u00e9servation accept\u00e9e par l\u2019interm\u00e9diaire de l\u2019encaissement de votre acompte, demeure non remboursable, et vous engage \u00e0 respecter les dates de s\u00e9jour choisies et enregistr\u00e9es. Nous ne pourrons pas accepter en location, les personnes non inscrites au contrat, cela pourra entra\u00eener une rupture de contrat de location imm\u00e9diate et sans remboursement de l\u2019acompte. En cas de d\u00e9sistement l\u2019acompte vers\u00e9 n\u2019est en aucun cas rembours\u00e9, si l\u2019annulation intervient moins de 30 jours avant votre arriv\u00e9e, le locataire sera redevable de la totalit\u00e9 du s\u00e9jour choisi.<br \/>\nEn cas d\u2019arriv\u00e9e tardive ou de d\u00e9part anticip\u00e9, le montant total du s\u00e9jour initialement r\u00e9serv\u00e9 reste d\u00fb.<\/p>\n<p style=\"mso-pagination: none; text-align: justify; text-justify: newspaper; text-kashida-space: 50%;\">Accueil : A votre arriv\u00e9e, veuillez vous pr\u00e9senter \u00e0 la r\u00e9ception du Camping *** du Port de Plaisance.<br \/>\nJuin &#8211; Juillet et Ao\u00fbt, pour les locations, arriv\u00e9e \u00e0 partir de 17h jusque 20h.<br \/>\nPour les emplacements libres, les arriv\u00e9es se font \u00e0 partir de 12h.<br \/>\nPour arriv\u00e9e tardive nous envoyer pr\u00e9alablement un courrier afin de nous pr\u00e9venir. Sans courrier pr\u00e9alable,\u00a0 pour tout retard de plus de 24h, la location sera disponible et le montant de la location sera d\u00fb.<br \/>\nToute arriv\u00e9e tardive ou d\u00e9part anticip\u00e9 ne donnera pas lieu \u00e0 un remboursement. La location alors vacante, peut \u00eatre relou\u00e9e par notre Camping *** du Port de Plaisance sans que celui-ci ne puisse pr\u00e9tendre \u00e0 quelconque indemnit\u00e9 ou remboursement.<\/p>\n<p style=\"mso-pagination: none; text-align: justify; text-justify: newspaper; text-kashida-space: 50%;\">Mars &#8211; Avril &#8211; Mai &#8211; Septembre &#8211; Octobre , arriv\u00e9e et d\u00e9part le jour de votre choix (suivant votre r\u00e9servation) \u00e0 partir de 18h jusque 20h00.<br \/>\nPour les emplacements libres, les arriv\u00e9es se font \u00e0 partir de 12h.<br \/>\nPour arriv\u00e9e tardive nous envoyer pr\u00e9alablement un courrier afin de nous pr\u00e9venir. Sans courrier pr\u00e9alable, pour tout retard de plus de 24h, la location sera disponible et le montant de la location sera d\u00fb.<br \/>\nToute arriv\u00e9e tardive ou d\u00e9part anticip\u00e9 ne donnera pas lieu \u00e0 un remboursement. La location alors vacante, peut \u00eatre relou\u00e9e par notre Camping *** du Port de Plaisance sans que celui-ci ne puisse pr\u00e9tendre \u00e0 quelconque indemnit\u00e9 ou remboursement.<\/p>\n<p style=\"mso-pagination: none; text-align: justify; text-justify: newspaper; text-kashida-space: 50%;\">Solde : Le solde de votre s\u00e9jour est \u00e0 r\u00e9gler lors de votre arriv\u00e9e pour les r\u00e8glements effectu\u00e9s en esp\u00e8ces, ch\u00e8que vacances ou carte bancaire. Pour les r\u00e8glements effectu\u00e9s par ch\u00e8que bancaire (uniquement en euros), le solde de votre s\u00e9jour est d\u00fb 4 semaines avant votre arriv\u00e9e.<br \/>\nLe solde de votre s\u00e9jour comprendra: le solde de la location, la taxe de s\u00e9jour de 0.25 \u20ac par jour et par personne de plus de 18 ans.<\/p>\n<p style=\"mso-pagination: none; text-align: justify; text-justify: newspaper; text-kashida-space: 50%;\">Caution :Un \u00e9tat des lieux sera effectu\u00e9 \u00e0 l\u2019entr\u00e9e dans la location ainsi qu\u2019\u00e0 la sortie.<br \/>\nDeux ch\u00e8ques seront \u00e0 effectuer \u00e0 votre arriv\u00e9e : un ch\u00e8que de 250 \u20ac et un ch\u00e8que de 50 \u20ac ou une empreinte bancaire; et ce afin de garantir le mat\u00e9riel, h\u00e9bergement et autre, dans un premier temps et le m\u00e9nage de l\u2019h\u00e9bergement, ensuite. Ils vous seront restitu\u00e9s \u00e0 votre d\u00e9part lors de la remise des cl\u00e9s (entre 8h et 10h) ou par courrier si l\u2019inventaire \u00e9tait effectu\u00e9 en votre absence (hors horaire d\u2019inventaire). Et ce, d\u00e9duction faite des \u00e9ventuelles d\u00e9t\u00e9riorations et manquant ; si le nettoyage de d\u00e9part n\u2019\u00e9tait pas effectu\u00e9, 50 \u20ac vous serait retenu sur la caution et s\u2019il n\u2019\u00e9tait effectu\u00e9 que partiellement 30 \u20ac en seront d\u00e9duit.<\/p>\n<p style=\"mso-pagination: none; text-align: justify; text-justify: newspaper; text-kashida-space: 50%;\">Couchage : Nous fournissons une couette par literie et un oreiller par personne ainsi que des kits de draps jetables. Pour les \u00ab frileux \u00bb nous vous conseillons de pr\u00e9voir un compl\u00e9ment de couverture. Les serviettes et tapis de bain sont disponibles en location.<\/p>\n<p style=\"mso-pagination: none; text-align: justify; text-justify: newspaper; text-kashida-space: 50%;\">Inventaire de d\u00e9part : Pour effectuer votre inventaire de d\u00e9part, veuillez prendre rendez-vous \u00e0 la r\u00e9ception minimum 3 jours avant votre d\u00e9part<br \/>\nHoraires d\u2019\u00e9tat des lieux de d\u00e9part entre 8h \u00e0 10h.<br \/>\nApr\u00e8s l\u2019inventaire la remise des cl\u00e9s est imm\u00e9diate, et les locataires sont pri\u00e9s de quitter la location.<br \/>\nPour les emplacements libres les d\u00e9parts et les arriv\u00e9es se font \u00e0 12h ; si toutefois l\u2019heure de d\u00e9part n\u2019\u00e9tait pas respect\u00e9e la ou les nuit(s) suppl\u00e9mentaires(s) serai(en)t factur\u00e9e(s).<\/p>\n<p style=\"mso-pagination: none; text-align: justify; text-justify: newspaper; text-kashida-space: 50%;\">Am\u00e9nagement et Rangement : Lors de l\u2019inventaire de d\u00e9part, la vaisselle et autres \u00e9quipements doivent \u00eatre remis \u00e0 leur place initiale. Bien v\u00e9rifier placards, et dessous de matelas, en aucun cas nous ne serons responsables d\u2019objets ou v\u00eatements oubli\u00e9s.<\/p>\n<p style=\"mso-pagination: none; text-align: justify; text-justify: newspaper; text-kashida-space: 50%;\">Visiteur : Vous avez la possibilit\u00e9 de recevoir des visiteurs pour la journ\u00e9e pendant votre s\u00e9jour (d\u00e9part avant minuit). Pour cela ils doivent se pr\u00e9senter \u00e0 la r\u00e9ception du Camping *** du Port de Plaisance. Si toutefois le(s) visiteurs(s) restai(en)t une ou plusieurs nuits, le signaler \u00e0 la r\u00e9ception du Camping *** du Port de Plaisance, afin de r\u00e9gler directement la ou les nuits.<\/p>\n<p style=\"mso-pagination: none; text-align: justify; text-justify: newspaper; text-kashida-space: 50%;\">Choix d\u2019emplacement : pour toutes personnes souhaitant \u00eatre \u00e0 proximit\u00e9 d\u2019amis ou de famille, nous ferons le maximum pour r\u00e9duire l\u2019\u00e9loignement entre vos emplacements, et ce, selon nos possibilit\u00e9s et disponibilit\u00e9s. En aucun cas nous ne pouvons vous assurer la r\u00e9servation d\u2019un emplacement pr\u00e9cis, bien que nous ferons notre possible pour vous satisfaire.<\/p>\n<p style=\"mso-pagination: none; text-align: justify; text-justify: newspaper; text-kashida-space: 50%;\">Au Camping : Tout locataire se doit de respecter le r\u00e8glement int\u00e9rieur du Camping. Nous ne serons en aucun cas responsables des pertes, vols d\u2019objets personnels ou \u00e9tant sous votre responsabilit\u00e9 (mat\u00e9riel lou\u00e9), blessures, ou dommages pouvant survenir au locataire dans la pratique d\u2019activit\u00e9s sportives ou autres, accompagnant et ou leurs visiteurs. En cas de non respect ou faute grave, le Camping *** du Port de Plaisance, d\u00e9cline toute responsabilit\u00e9 et se r\u00e9serve le droit d\u2019expulsion sans pour cela que le locataire soit indemnis\u00e9 ou rembours\u00e9. Tout locataire doit \u00eatre couvert par une responsabilit\u00e9 civile.<br \/>\nLes enfants mineurs ne doivent pas errer apr\u00e8s 22h dans le camping sans \u00eatre accompagn\u00e9 d\u2019un parent ou tuteur l\u00e9gal.<\/p>\n<p style=\"mso-pagination: none; text-align: justify; text-justify: newspaper; text-kashida-space: 50%;\">En cas de force majeure :\u00a0 intemp\u00e9ries, catastrophe naturelle incendie, d\u00e9g\u00e2t des eaux, travaux\u2026, le Camping *** du Port de Plaisance se r\u00e9serve le droit d\u2019annuler la location ou autres activit\u00e9s sans que recours et poursuites soit engag\u00e9es \u00e0 leur \u00e9gard.<\/p>\n<p style=\"mso-pagination: none; text-align: justify; text-justify: newspaper; text-kashida-space: 50%;\">Piscine : Il est indispensable d\u2019accompagner les enfants \u00e0 la piscine. Les baignades pour tous sont sous votre responsabilit\u00e9. Pour tout le monde, il est OBLIGATOIRE de porter un slip de bain, les chaussures doivent \u00eatre d\u00e9pos\u00e9es \u00e0 l\u2019ext\u00e9rieur, obligation de passer par le p\u00e9diluve.<\/p>\n<p style=\"mso-pagination: none; text-align: justify; text-justify: newspaper; text-kashida-space: 50%;\">Aire de jeux : autoris\u00e9 pour les enfants de 3 \u00e0 8 ans, et ce sous la responsabilit\u00e9 et la surveillance des parents ou tuteurs.<br \/>\nPour tout loisir et animation, vos enfants doivent rester sous votre surveillance.<\/p>\n<p style=\"mso-pagination: none; text-align: justify; text-justify: newspaper; text-kashida-space: 50%;\">Repas : Il est formellement interdit d\u2019utiliser friteuse, bain d\u2019huile, ainsi que toutes cuissons pouvant occasionner des d\u00e9g\u00e2ts.<\/p>\n<p style=\"mso-pagination: none; text-align: justify; text-justify: newspaper; text-kashida-space: 50%;\">Animaux : Les animaux de compagnie (uniquement domestiques) sont admis. Les chiens de premi\u00e8re et deuxi\u00e8me cat\u00e9gorie sont, par contre, interdits. Ils ne doivent en aucun cas rester seuls sur l\u2019emplacement ou dans l\u2019h\u00e9bergement lou\u00e9. Le propri\u00e9taire se doit de tenir son animal en laisse. Lors de son arriv\u00e9e, un suppl\u00e9ment journalier sera \u00e0 r\u00e9gler \u00e0 la r\u00e9ception, selon les tarifs en vigueur. Le carnet de vaccination doit \u00eatre \u00e0 jour. Veuillez sortir votre animal \u00e0 l\u2019ext\u00e9rieur du camping pour ses besoins quotidiens.<\/p>\n<p style=\"mso-pagination: none; text-align: justify; text-justify: newspaper; text-kashida-space: 50%;\">Utilisation des donn\u00e9es personnelles:<\/p>\n<p>En qualit\u00e9 de responsable de traitement, Le Camping*** du Port de Plaisance, \u00e9quipement g\u00e9r\u00e9 par la Chambre de Commerce et d\u2019Industrie des Hauts de France (CCIR) (Siren 130 022 718, 299 Boulevard de Leeds, CS 90028, 59 777 LILLE CEDEX) vous informe que vos donn\u00e9es personnelles, collect\u00e9es \u00e0 l\u2019occasion de votre r\u00e9servation, feront l\u2019objet de traitements afin d\u2019assurer la gestion de cette r\u00e9servation. Vos donn\u00e9es seront conserv\u00e9es pendant 3 ans apr\u00e8s leur collecte.<\/p>\n<p>Les donn\u00e9es collect\u00e9es peuvent \u00e9galement permettre \u00e0 la CCIR, en se fondant sur la poursuite de ses missions d&rsquo;int\u00e9r\u00eat public, de vous faire parvenir des informations et enqu\u00eates, de vous inviter \u00e0 des \u00e9v\u00e8nements et de transf\u00e9rer vos donn\u00e9es \u00e0 des partenaires institutionnels.<\/p>\n<p>Conform\u00e9ment \u00e0 la r\u00e8glementation sur la protection des donn\u00e9es personnelles, vous disposez de droits sur vos donn\u00e9es que vous pouvez exercer \u00e0 tout moment en contactant la CCIR \u00e0 l\u2019adresse : dpo@hautsdefrance.cci.fr. Si vous estimez, apr\u00e8s avoir contact\u00e9 le DPO, que vos droits sur vos donn\u00e9es ne sont pas respect\u00e9s, vous pouvez adresser une r\u00e9clamation \u00e0 la CNIL (Commission Nationale de l\u2019Informatique et des Libert\u00e9s).<\/p>\n<p>Pour plus d\u2019informations, quant \u00e0 la collecte et aux traitements de vos donn\u00e9es, nous vous invitons \u00e0 lire notre politique de confidentialit\u00e9 accessible en ligne<\/p>\n<p style=\"mso-pagination: none; text-align: justify; text-justify: newspaper; text-kashida-space: 50%;\">\n","protected":false},"excerpt":{"rendered":"<p>Conditions G\u00e9n\u00e9rales de Vente Conditions G\u00e9n\u00e9rales de Vente du Camping 3* du Port de Plaisance de P\u00e9ronne Acompte : Afin de confirmer votre demande de r\u00e9servation un acompte de 30% du montant de votre location doit nous \u00eatre vers\u00e9. Et ce par ch\u00e8que vacances, mandat, carte bancaire par t\u00e9l\u00e9phone ou ch\u00e8que bancaire (uniquement en euros) [&hellip;]<\/p>\n","protected":false},"author":1,"featured_media":0,"parent":0,"menu_order":0,"comment_status":"closed","ping_status":"closed","template":"elementor_header_footer","meta":{"footnotes":""},"class_list":["post-60","page","type-page","status-publish","hentry"],"blocksy_meta":{"styles_descriptor":{"styles":{"desktop":"","tablet":"","mobile":""},"google_fonts":[],"version":6}},"yoast_head":"<!-- This site is optimized with the Yoast SEO plugin v27.1.1 - https:\/\/yoast.com\/product\/yoast-seo-wordpress\/ -->\n<title>Conditions g\u00e9n\u00e9rales de vente | Camping*** du Port de Plaisance | P\u00e9ronne - France<\/title>\n<meta name=\"description\" content=\"Lire et accepter les Conditions G\u00e9n\u00e9rales de vente - r\u00e9server - confirmer votre s\u00e9jour au Camping *** du Port de Plaisance \u00e0 P\u00e9ronne - France\" \/>\n<meta name=\"robots\" content=\"index, follow, max-snippet:-1, max-image-preview:large, max-video-preview:-1\" \/>\n<link rel=\"canonical\" href=\"https:\/\/camping-plaisance.com\/index.php\/conditions-generales-de-vente\/\" \/>\n<meta property=\"og:locale\" content=\"fr_FR\" \/>\n<meta property=\"og:type\" content=\"article\" \/>\n<meta property=\"og:title\" content=\"Conditions g\u00e9n\u00e9rales de vente | Camping*** du Port de Plaisance | P\u00e9ronne - France\" \/>\n<meta property=\"og:description\" content=\"Lire et accepter les Conditions G\u00e9n\u00e9rales de vente - r\u00e9server - confirmer votre s\u00e9jour au Camping *** du Port de Plaisance \u00e0 P\u00e9ronne - France\" \/>\n<meta property=\"og:url\" content=\"https:\/\/camping-plaisance.com\/index.php\/conditions-generales-de-vente\/\" \/>\n<meta property=\"og:site_name\" content=\"Camping*** du Port de Plaisance\" \/>\n<meta property=\"article:publisher\" content=\"https:\/\/www.facebook.com\/camping.peronne\/\" \/>\n<meta property=\"article:modified_time\" content=\"2026-02-06T09:01:52+00:00\" \/>\n<meta property=\"og:image\" content=\"https:\/\/camping-plaisance.com\/wp-content\/uploads\/2022\/01\/CAMPINGDUPORTDEPLAISANCE_Peronne\u00a9Teddy_Henin-10.jpg\" \/>\n\t<meta property=\"og:image:width\" content=\"1620\" \/>\n\t<meta property=\"og:image:height\" content=\"1080\" \/>\n\t<meta property=\"og:image:type\" content=\"image\/jpeg\" \/>\n<meta name=\"twitter:card\" content=\"summary_large_image\" \/>\n<meta name=\"twitter:label1\" content=\"Dur\u00e9e de lecture estim\u00e9e\" \/>\n\t<meta name=\"twitter:data1\" content=\"8 minutes\" \/>\n<script type=\"application\/ld+json\" class=\"yoast-schema-graph\">{\"@context\":\"https:\/\/schema.org\",\"@graph\":[{\"@type\":\"WebPage\",\"@id\":\"https:\/\/camping-plaisance.com\/index.php\/conditions-generales-de-vente\/\",\"url\":\"https:\/\/camping-plaisance.com\/index.php\/conditions-generales-de-vente\/\",\"name\":\"Conditions g\u00e9n\u00e9rales de vente | Camping*** du Port de Plaisance | P\u00e9ronne - France\",\"isPartOf\":{\"@id\":\"https:\/\/camping-plaisance.com\/#website\"},\"datePublished\":\"2025-07-13T08:36:38+00:00\",\"dateModified\":\"2026-02-06T09:01:52+00:00\",\"description\":\"Lire et accepter les Conditions G\u00e9n\u00e9rales de vente - r\u00e9server - confirmer votre s\u00e9jour au Camping *** du Port de Plaisance \u00e0 P\u00e9ronne - France\",\"breadcrumb\":{\"@id\":\"https:\/\/camping-plaisance.com\/index.php\/conditions-generales-de-vente\/#breadcrumb\"},\"inLanguage\":\"fr-FR\",\"potentialAction\":[{\"@type\":\"ReadAction\",\"target\":[\"https:\/\/camping-plaisance.com\/index.php\/conditions-generales-de-vente\/\"]}]},{\"@type\":\"BreadcrumbList\",\"@id\":\"https:\/\/camping-plaisance.com\/index.php\/conditions-generales-de-vente\/#breadcrumb\",\"itemListElement\":[{\"@type\":\"ListItem\",\"position\":1,\"name\":\"Accueil\",\"item\":\"https:\/\/camping-plaisance.com\/\"},{\"@type\":\"ListItem\",\"position\":2,\"name\":\"Conditions g\u00e9n\u00e9rales de vente\"}]},{\"@type\":\"WebSite\",\"@id\":\"https:\/\/camping-plaisance.com\/#website\",\"url\":\"https:\/\/camping-plaisance.com\/\",\"name\":\"Camping *** du Port de Plaisance\",\"description\":\"La nature dans la ville\",\"publisher\":{\"@id\":\"https:\/\/camping-plaisance.com\/#organization\"},\"potentialAction\":[{\"@type\":\"SearchAction\",\"target\":{\"@type\":\"EntryPoint\",\"urlTemplate\":\"https:\/\/camping-plaisance.com\/?s={search_term_string}\"},\"query-input\":{\"@type\":\"PropertyValueSpecification\",\"valueRequired\":true,\"valueName\":\"search_term_string\"}}],\"inLanguage\":\"fr-FR\"},{\"@type\":\"Organization\",\"@id\":\"https:\/\/camping-plaisance.com\/#organization\",\"name\":\"Camping *** du Port de Plaisance \u00e0 P\u00e9ronne\",\"url\":\"https:\/\/camping-plaisance.com\/\",\"logo\":{\"@type\":\"ImageObject\",\"inLanguage\":\"fr-FR\",\"@id\":\"https:\/\/camping-plaisance.com\/#\/schema\/logo\/image\/\",\"url\":\"https:\/\/camping-plaisance.com\/wp-content\/uploads\/2024\/05\/logo-camping.png\",\"contentUrl\":\"https:\/\/camping-plaisance.com\/wp-content\/uploads\/2024\/05\/logo-camping.png\",\"width\":1003,\"height\":1003,\"caption\":\"Camping *** du Port de Plaisance \u00e0 P\u00e9ronne\"},\"image\":{\"@id\":\"https:\/\/camping-plaisance.com\/#\/schema\/logo\/image\/\"},\"sameAs\":[\"https:\/\/www.facebook.com\/camping.peronne\/\",\"https:\/\/fr.wikipedia.org\/wiki\/Pronne_Somme\"]}]}<\/script>\n<!-- \/ Yoast SEO plugin. -->","yoast_head_json":{"title":"Conditions g\u00e9n\u00e9rales de vente | Camping*** du Port de Plaisance | P\u00e9ronne - France","description":"Lire et accepter les Conditions G\u00e9n\u00e9rales de vente - r\u00e9server - confirmer votre s\u00e9jour au Camping *** du Port de Plaisance \u00e0 P\u00e9ronne - France","robots":{"index":"index","follow":"follow","max-snippet":"max-snippet:-1","max-image-preview":"max-image-preview:large","max-video-preview":"max-video-preview:-1"},"canonical":"https:\/\/camping-plaisance.com\/index.php\/conditions-generales-de-vente\/","og_locale":"fr_FR","og_type":"article","og_title":"Conditions g\u00e9n\u00e9rales de vente | Camping*** du Port de Plaisance | P\u00e9ronne - France","og_description":"Lire et accepter les Conditions G\u00e9n\u00e9rales de vente - r\u00e9server - confirmer votre s\u00e9jour au Camping *** du Port de Plaisance \u00e0 P\u00e9ronne - France","og_url":"https:\/\/camping-plaisance.com\/index.php\/conditions-generales-de-vente\/","og_site_name":"Camping*** du Port de Plaisance","article_publisher":"https:\/\/www.facebook.com\/camping.peronne\/","article_modified_time":"2026-02-06T09:01:52+00:00","og_image":[{"width":1620,"height":1080,"url":"https:\/\/camping-plaisance.com\/wp-content\/uploads\/2022\/01\/CAMPINGDUPORTDEPLAISANCE_Peronne\u00a9Teddy_Henin-10.jpg","type":"image\/jpeg"}],"twitter_card":"summary_large_image","twitter_misc":{"Dur\u00e9e de lecture estim\u00e9e":"8 minutes"},"schema":{"@context":"https:\/\/schema.org","@graph":[{"@type":"WebPage","@id":"https:\/\/camping-plaisance.com\/index.php\/conditions-generales-de-vente\/","url":"https:\/\/camping-plaisance.com\/index.php\/conditions-generales-de-vente\/","name":"Conditions g\u00e9n\u00e9rales de vente | Camping*** du Port de Plaisance | P\u00e9ronne - France","isPartOf":{"@id":"https:\/\/camping-plaisance.com\/#website"},"datePublished":"2025-07-13T08:36:38+00:00","dateModified":"2026-02-06T09:01:52+00:00","description":"Lire et accepter les Conditions G\u00e9n\u00e9rales de vente - r\u00e9server - confirmer votre s\u00e9jour au Camping *** du Port de Plaisance \u00e0 P\u00e9ronne - France","breadcrumb":{"@id":"https:\/\/camping-plaisance.com\/index.php\/conditions-generales-de-vente\/#breadcrumb"},"inLanguage":"fr-FR","potentialAction":[{"@type":"ReadAction","target":["https:\/\/camping-plaisance.com\/index.php\/conditions-generales-de-vente\/"]}]},{"@type":"BreadcrumbList","@id":"https:\/\/camping-plaisance.com\/index.php\/conditions-generales-de-vente\/#breadcrumb","itemListElement":[{"@type":"ListItem","position":1,"name":"Accueil","item":"https:\/\/camping-plaisance.com\/"},{"@type":"ListItem","position":2,"name":"Conditions g\u00e9n\u00e9rales de vente"}]},{"@type":"WebSite","@id":"https:\/\/camping-plaisance.com\/#website","url":"https:\/\/camping-plaisance.com\/","name":"Camping *** du Port de Plaisance","description":"La nature dans la ville","publisher":{"@id":"https:\/\/camping-plaisance.com\/#organization"},"potentialAction":[{"@type":"SearchAction","target":{"@type":"EntryPoint","urlTemplate":"https:\/\/camping-plaisance.com\/?s={search_term_string}"},"query-input":{"@type":"PropertyValueSpecification","valueRequired":true,"valueName":"search_term_string"}}],"inLanguage":"fr-FR"},{"@type":"Organization","@id":"https:\/\/camping-plaisance.com\/#organization","name":"Camping *** du Port de Plaisance \u00e0 P\u00e9ronne","url":"https:\/\/camping-plaisance.com\/","logo":{"@type":"ImageObject","inLanguage":"fr-FR","@id":"https:\/\/camping-plaisance.com\/#\/schema\/logo\/image\/","url":"https:\/\/camping-plaisance.com\/wp-content\/uploads\/2024\/05\/logo-camping.png","contentUrl":"https:\/\/camping-plaisance.com\/wp-content\/uploads\/2024\/05\/logo-camping.png","width":1003,"height":1003,"caption":"Camping *** du Port de Plaisance \u00e0 P\u00e9ronne"},"image":{"@id":"https:\/\/camping-plaisance.com\/#\/schema\/logo\/image\/"},"sameAs":["https:\/\/www.facebook.com\/camping.peronne\/","https:\/\/fr.wikipedia.org\/wiki\/Pronne_Somme"]}]}},"_links":{"self":[{"href":"https:\/\/camping-plaisance.com\/index.php\/wp-json\/wp\/v2\/pages\/60","targetHints":{"allow":["GET"]}}],"collection":[{"href":"https:\/\/camping-plaisance.com\/index.php\/wp-json\/wp\/v2\/pages"}],"about":[{"href":"https:\/\/camping-plaisance.com\/index.php\/wp-json\/wp\/v2\/types\/page"}],"author":[{"embeddable":true,"href":"https:\/\/camping-plaisance.com\/index.php\/wp-json\/wp\/v2\/users\/1"}],"replies":[{"embeddable":true,"href":"https:\/\/camping-plaisance.com\/index.php\/wp-json\/wp\/v2\/comments?post=60"}],"version-history":[{"count":43,"href":"https:\/\/camping-plaisance.com\/index.php\/wp-json\/wp\/v2\/pages\/60\/revisions"}],"predecessor-version":[{"id":227770,"href":"https:\/\/camping-plaisance.com\/index.php\/wp-json\/wp\/v2\/pages\/60\/revisions\/227770"}],"wp:attachment":[{"href":"https:\/\/camping-plaisance.com\/index.php\/wp-json\/wp\/v2\/media?parent=60"}],"curies":[{"name":"wp","href":"https:\/\/api.w.org\/{rel}","templated":true}]}}