{"id":58,"date":"2025-07-13T08:36:15","date_gmt":"2025-07-13T08:36:15","guid":{"rendered":"https:\/\/recursing-gould.195-200-101-229.plesk.page\/?page_id=58"},"modified":"2025-08-28T11:41:22","modified_gmt":"2025-08-28T11:41:22","slug":"mentions-legales","status":"publish","type":"page","link":"https:\/\/camping-plaisance.com\/index.php\/mentions-legales\/","title":{"rendered":"Mentions l\u00e9gales"},"content":{"rendered":"\t\t<div data-elementor-type=\"wp-page\" data-elementor-id=\"58\" class=\"elementor elementor-58\">\n\t\t\t\t\t\t<section class=\"elementor-section elementor-top-section elementor-element elementor-element-77cd804d elementor-section-height-min-height elementor-section-boxed elementor-section-height-default elementor-section-items-middle elementor-invisible\" data-id=\"77cd804d\" data-element_type=\"section\" data-e-type=\"section\" data-settings=\"{&quot;background_background&quot;:&quot;classic&quot;,&quot;animation&quot;:&quot;fadeIn&quot;}\">\n\t\t\t\t\t\t\t<div class=\"elementor-background-overlay\"><\/div>\n\t\t\t\t\t\t\t<div class=\"elementor-container elementor-column-gap-default\">\n\t\t\t\t\t<div class=\"elementor-column elementor-col-100 elementor-top-column elementor-element elementor-element-1fb051ab\" data-id=\"1fb051ab\" data-element_type=\"column\" data-e-type=\"column\">\n\t\t\t<div class=\"elementor-widget-wrap elementor-element-populated\">\n\t\t\t\t\t\t<div class=\"elementor-element elementor-element-2d8164e1 elementor-widget elementor-widget-heading\" data-id=\"2d8164e1\" data-element_type=\"widget\" data-e-type=\"widget\" data-widget_type=\"heading.default\">\n\t\t\t\t<div class=\"elementor-widget-container\">\n\t\t\t\t\t<h1 class=\"elementor-heading-title elementor-size-default\">Mentions l\u00e9gales<\/h1>\t\t\t\t<\/div>\n\t\t\t\t<\/div>\n\t\t\t\t\t<\/div>\n\t\t<\/div>\n\t\t\t\t\t<\/div>\n\t\t<\/section>\n\t\t\t\t<section class=\"elementor-section elementor-top-section elementor-element elementor-element-54a2bfb elementor-section-boxed elementor-section-height-default elementor-section-height-default\" data-id=\"54a2bfb\" data-element_type=\"section\" data-e-type=\"section\">\n\t\t\t\t\t\t<div class=\"elementor-container elementor-column-gap-default\">\n\t\t\t\t\t<div class=\"elementor-column elementor-col-100 elementor-top-column elementor-element elementor-element-666b6d6\" data-id=\"666b6d6\" data-element_type=\"column\" data-e-type=\"column\">\n\t\t\t<div class=\"elementor-widget-wrap elementor-element-populated\">\n\t\t\t\t\t\t<div class=\"elementor-element elementor-element-b54a7ae elementor-widget elementor-widget-spacer\" data-id=\"b54a7ae\" data-element_type=\"widget\" data-e-type=\"widget\" data-widget_type=\"spacer.default\">\n\t\t\t\t<div class=\"elementor-widget-container\">\n\t\t\t\t\t\t\t<div class=\"elementor-spacer\">\n\t\t\t<div class=\"elementor-spacer-inner\"><\/div>\n\t\t<\/div>\n\t\t\t\t\t\t<\/div>\n\t\t\t\t<\/div>\n\t\t\t\t\t<\/div>\n\t\t<\/div>\n\t\t\t\t\t<\/div>\n\t\t<\/section>\n\t\t\t\t<section class=\"elementor-section elementor-top-section elementor-element elementor-element-2af1e23 elementor-section-boxed elementor-section-height-default elementor-section-height-default\" data-id=\"2af1e23\" data-element_type=\"section\" data-e-type=\"section\">\n\t\t\t\t\t\t<div class=\"elementor-container elementor-column-gap-default\">\n\t\t\t\t\t<div class=\"elementor-column elementor-col-100 elementor-top-column elementor-element elementor-element-ebb7134\" data-id=\"ebb7134\" data-element_type=\"column\" data-e-type=\"column\">\n\t\t\t<div class=\"elementor-widget-wrap elementor-element-populated\">\n\t\t\t\t\t\t<div class=\"elementor-element elementor-element-630d5d3 elementor-widget elementor-widget-heading\" data-id=\"630d5d3\" data-element_type=\"widget\" data-e-type=\"widget\" data-widget_type=\"heading.default\">\n\t\t\t\t<div class=\"elementor-widget-container\">\n\t\t\t\t\t<h2 class=\"elementor-heading-title elementor-size-default\">Mentions l\u00e9gales<\/h2>\t\t\t\t<\/div>\n\t\t\t\t<\/div>\n\t\t\t\t<div class=\"elementor-element elementor-element-9e3c688 elementor-widget-divider--view-line elementor-widget elementor-widget-divider\" data-id=\"9e3c688\" data-element_type=\"widget\" data-e-type=\"widget\" data-widget_type=\"divider.default\">\n\t\t\t\t<div class=\"elementor-widget-container\">\n\t\t\t\t\t\t\t<div class=\"elementor-divider\">\n\t\t\t<span class=\"elementor-divider-separator\">\n\t\t\t\t\t\t<\/span>\n\t\t<\/div>\n\t\t\t\t\t\t<\/div>\n\t\t\t\t<\/div>\n\t\t\t\t<div class=\"elementor-element elementor-element-54324e8 elementor-widget elementor-widget-text-editor\" data-id=\"54324e8\" data-element_type=\"widget\" data-e-type=\"widget\" data-widget_type=\"text-editor.default\">\n\t\t\t\t<div class=\"elementor-widget-container\">\n\t\t\t\t\t\t\t\t\t<p>Le site www.camping-plaisance.com est le site officiel du<br \/>Camping *** du Port de Plaisance<br \/>Route de Paris<br \/>80200 PERONNE<br \/>T\u00e9l. : 03 22 84 19 31<br \/>Fax : 03 22 73 36 37<\/p><p>dont la Chambre de Commerce et d&rsquo;Industrie Amiens-Picardie &#8211; Hauts de France est le gestionnaire<br \/>Service Financier et Moyens G\u00e9n\u00e9raux<br \/>6 boulevard de Belfort<br \/>CS 73902<br \/>80039 AMIENS CEDEX 1<br \/>T\u00e9l. : 03 22 82 22 00<br \/>www.amiens-picardie.cci.fr<br \/>N\u00b0 SIRET 130 013 113 00019<\/p><p><strong>H\u00e9bergement<\/strong><br \/>ECRITEL<br \/>56610 Arradon \u2013 France<br \/>N\u00b0 SIREN 332\u00a0484\u00a0021<\/p><p><strong>Traitement des donn\u00e9es personnelles<\/strong><br \/>\u00ab La CCI Hauts-de-France s\u2019engage \u00e0 traiter vos donn\u00e9es personnelles dans le respect de la protection de la vie priv\u00e9e et \u00e0 respecter la r\u00e9glementation en vigueur en mati\u00e8re de protection des donn\u00e9es personnelles, notamment la loi \u00ab Informatique et Libert\u00e9s \u00bb n\u00b078-17 du 6 janvier 1978 modifi\u00e9e et le R\u00e8glement europ\u00e9en sur la protection des donn\u00e9es personnelles, entr\u00e9 en application le 25 mai 2018. Pour plus d\u2019information, consulter ici la politique de confidentialit\u00e9 <a href=\"https:\/\/hautsdefrance.cci.fr\/politique-de-confidentialite\/\">https:\/\/hautsdefrance.cci.fr\/politique-de-confidentialite\/<\/a> \u00bb<\/p><p><strong>Propri\u00e9t\u00e9<\/strong><br \/>La structure g\u00e9n\u00e9rale, ainsi que les logiciels, textes, images anim\u00e9es ou fixes, sons, savoir-faire, dessins, graphismes et tous autres \u00e9l\u00e9ments composant le site web www.camping-plaisance.com sont de l&rsquo;utilisation exclusive du Camping *** du Port de Plaisance de la CCI Amiens-Picardie &#8211; Hauts de France . Toute repr\u00e9sentation totale ou partielle de ce site, par quelques proc\u00e9d\u00e9s que ce soient, sans autorisation expresse de la CCI Amiens-Picardie &#8211; Hauts de France, est interdite et constituerait une contrefa\u00e7on sanctionn\u00e9e par les articles L335-2 et suivants du Code de la propri\u00e9t\u00e9 intellectuelle.<\/p>\t\t\t\t\t\t\t\t<\/div>\n\t\t\t\t<\/div>\n\t\t\t\t\t<\/div>\n\t\t<\/div>\n\t\t\t\t\t<\/div>\n\t\t<\/section>\n\t\t\t\t<section class=\"elementor-section elementor-top-section elementor-element elementor-element-1011d9a elementor-section-boxed elementor-section-height-default elementor-section-height-default\" data-id=\"1011d9a\" data-element_type=\"section\" data-e-type=\"section\">\n\t\t\t\t\t\t<div class=\"elementor-container elementor-column-gap-default\">\n\t\t\t\t\t<div class=\"elementor-column elementor-col-100 elementor-top-column elementor-element elementor-element-83be30f\" data-id=\"83be30f\" data-element_type=\"column\" data-e-type=\"column\">\n\t\t\t<div class=\"elementor-widget-wrap elementor-element-populated\">\n\t\t\t\t\t\t<div class=\"elementor-element elementor-element-4f5e9b1 elementor-widget elementor-widget-spacer\" data-id=\"4f5e9b1\" data-element_type=\"widget\" data-e-type=\"widget\" data-widget_type=\"spacer.default\">\n\t\t\t\t<div class=\"elementor-widget-container\">\n\t\t\t\t\t\t\t<div class=\"elementor-spacer\">\n\t\t\t<div class=\"elementor-spacer-inner\"><\/div>\n\t\t<\/div>\n\t\t\t\t\t\t<\/div>\n\t\t\t\t<\/div>\n\t\t\t\t\t<\/div>\n\t\t<\/div>\n\t\t\t\t\t<\/div>\n\t\t<\/section>\n\t\t\t\t<\/div>\n\t\t","protected":false},"excerpt":{"rendered":"<p>Mentions l\u00e9gales Mentions l\u00e9gales Le site www.camping-plaisance.com est le site officiel duCamping *** du Port de PlaisanceRoute de Paris80200 PERONNET\u00e9l. : 03 22 84 19 31Fax : 03 22 73 36 37 dont la Chambre de Commerce et d&rsquo;Industrie Amiens-Picardie &#8211; Hauts de France est le gestionnaireService Financier et Moyens G\u00e9n\u00e9raux6 boulevard de BelfortCS 7390280039 [&hellip;]<\/p>\n","protected":false},"author":1,"featured_media":0,"parent":0,"menu_order":0,"comment_status":"closed","ping_status":"closed","template":"elementor_header_footer","meta":{"footnotes":""},"class_list":["post-58","page","type-page","status-publish","hentry"],"blocksy_meta":{"styles_descriptor":{"styles":{"desktop":"","tablet":"","mobile":""},"google_fonts":[],"version":6}},"yoast_head":"<!-- This site is optimized with the Yoast SEO plugin v27.1.1 - https:\/\/yoast.com\/product\/yoast-seo-wordpress\/ -->\n<title>Mentions l\u00e9gales | Camping*** du Port de Plaisance<\/title>\n<meta name=\"description\" content=\"Mentions l\u00e9gales relatives \u00e0 toute utilisation du site web du Camping 3 \u00e9toiles du Port de Plaisance situ\u00e9 \u00e0 P\u00e9ronne.\" \/>\n<meta name=\"robots\" content=\"index, follow, max-snippet:-1, max-image-preview:large, max-video-preview:-1\" \/>\n<link rel=\"canonical\" href=\"https:\/\/camping-plaisance.com\/index.php\/mentions-legales\/\" \/>\n<meta property=\"og:locale\" content=\"fr_FR\" \/>\n<meta property=\"og:type\" content=\"article\" \/>\n<meta property=\"og:title\" content=\"Mentions l\u00e9gales | Camping*** du Port de Plaisance\" \/>\n<meta property=\"og:description\" content=\"Mentions l\u00e9gales relatives \u00e0 toute utilisation du site web du Camping 3 \u00e9toiles du Port de Plaisance situ\u00e9 \u00e0 P\u00e9ronne.\" \/>\n<meta property=\"og:url\" content=\"https:\/\/camping-plaisance.com\/index.php\/mentions-legales\/\" \/>\n<meta property=\"og:site_name\" content=\"Camping*** du Port de Plaisance\" \/>\n<meta property=\"article:publisher\" content=\"https:\/\/www.facebook.com\/camping.peronne\/\" \/>\n<meta property=\"article:modified_time\" content=\"2025-08-28T11:41:22+00:00\" \/>\n<meta property=\"og:image\" content=\"https:\/\/camping-plaisance.com\/wp-content\/uploads\/2022\/01\/CAMPINGDUPORTDEPLAISANCE_Peronne\u00a9Teddy_Henin-10.jpg\" \/>\n\t<meta property=\"og:image:width\" content=\"1620\" \/>\n\t<meta property=\"og:image:height\" content=\"1080\" \/>\n\t<meta property=\"og:image:type\" content=\"image\/jpeg\" \/>\n<meta name=\"twitter:card\" content=\"summary_large_image\" \/>\n<meta name=\"twitter:label1\" content=\"Dur\u00e9e de lecture estim\u00e9e\" \/>\n\t<meta name=\"twitter:data1\" content=\"2 minutes\" \/>\n<script type=\"application\/ld+json\" class=\"yoast-schema-graph\">{\"@context\":\"https:\/\/schema.org\",\"@graph\":[{\"@type\":\"WebPage\",\"@id\":\"https:\/\/camping-plaisance.com\/index.php\/mentions-legales\/\",\"url\":\"https:\/\/camping-plaisance.com\/index.php\/mentions-legales\/\",\"name\":\"Mentions l\u00e9gales | Camping*** du Port de Plaisance\",\"isPartOf\":{\"@id\":\"https:\/\/camping-plaisance.com\/#website\"},\"datePublished\":\"2025-07-13T08:36:15+00:00\",\"dateModified\":\"2025-08-28T11:41:22+00:00\",\"description\":\"Mentions l\u00e9gales relatives \u00e0 toute utilisation du site web du Camping 3 \u00e9toiles du Port de Plaisance situ\u00e9 \u00e0 P\u00e9ronne.\",\"breadcrumb\":{\"@id\":\"https:\/\/camping-plaisance.com\/index.php\/mentions-legales\/#breadcrumb\"},\"inLanguage\":\"fr-FR\",\"potentialAction\":[{\"@type\":\"ReadAction\",\"target\":[\"https:\/\/camping-plaisance.com\/index.php\/mentions-legales\/\"]}]},{\"@type\":\"BreadcrumbList\",\"@id\":\"https:\/\/camping-plaisance.com\/index.php\/mentions-legales\/#breadcrumb\",\"itemListElement\":[{\"@type\":\"ListItem\",\"position\":1,\"name\":\"Accueil\",\"item\":\"https:\/\/camping-plaisance.com\/\"},{\"@type\":\"ListItem\",\"position\":2,\"name\":\"Mentions l\u00e9gales\"}]},{\"@type\":\"WebSite\",\"@id\":\"https:\/\/camping-plaisance.com\/#website\",\"url\":\"https:\/\/camping-plaisance.com\/\",\"name\":\"Camping *** du Port de Plaisance\",\"description\":\"La nature dans la ville\",\"publisher\":{\"@id\":\"https:\/\/camping-plaisance.com\/#organization\"},\"potentialAction\":[{\"@type\":\"SearchAction\",\"target\":{\"@type\":\"EntryPoint\",\"urlTemplate\":\"https:\/\/camping-plaisance.com\/?s={search_term_string}\"},\"query-input\":{\"@type\":\"PropertyValueSpecification\",\"valueRequired\":true,\"valueName\":\"search_term_string\"}}],\"inLanguage\":\"fr-FR\"},{\"@type\":\"Organization\",\"@id\":\"https:\/\/camping-plaisance.com\/#organization\",\"name\":\"Camping *** du Port de Plaisance \u00e0 P\u00e9ronne\",\"url\":\"https:\/\/camping-plaisance.com\/\",\"logo\":{\"@type\":\"ImageObject\",\"inLanguage\":\"fr-FR\",\"@id\":\"https:\/\/camping-plaisance.com\/#\/schema\/logo\/image\/\",\"url\":\"https:\/\/camping-plaisance.com\/wp-content\/uploads\/2024\/05\/logo-camping.png\",\"contentUrl\":\"https:\/\/camping-plaisance.com\/wp-content\/uploads\/2024\/05\/logo-camping.png\",\"width\":1003,\"height\":1003,\"caption\":\"Camping *** du Port de Plaisance \u00e0 P\u00e9ronne\"},\"image\":{\"@id\":\"https:\/\/camping-plaisance.com\/#\/schema\/logo\/image\/\"},\"sameAs\":[\"https:\/\/www.facebook.com\/camping.peronne\/\",\"https:\/\/fr.wikipedia.org\/wiki\/Pronne_Somme\"]}]}<\/script>\n<!-- \/ Yoast SEO plugin. -->","yoast_head_json":{"title":"Mentions l\u00e9gales | Camping*** du Port de Plaisance","description":"Mentions l\u00e9gales relatives \u00e0 toute utilisation du site web du Camping 3 \u00e9toiles du Port de Plaisance situ\u00e9 \u00e0 P\u00e9ronne.","robots":{"index":"index","follow":"follow","max-snippet":"max-snippet:-1","max-image-preview":"max-image-preview:large","max-video-preview":"max-video-preview:-1"},"canonical":"https:\/\/camping-plaisance.com\/index.php\/mentions-legales\/","og_locale":"fr_FR","og_type":"article","og_title":"Mentions l\u00e9gales | Camping*** du Port de Plaisance","og_description":"Mentions l\u00e9gales relatives \u00e0 toute utilisation du site web du Camping 3 \u00e9toiles du Port de Plaisance situ\u00e9 \u00e0 P\u00e9ronne.","og_url":"https:\/\/camping-plaisance.com\/index.php\/mentions-legales\/","og_site_name":"Camping*** du Port de Plaisance","article_publisher":"https:\/\/www.facebook.com\/camping.peronne\/","article_modified_time":"2025-08-28T11:41:22+00:00","og_image":[{"width":1620,"height":1080,"url":"https:\/\/camping-plaisance.com\/wp-content\/uploads\/2022\/01\/CAMPINGDUPORTDEPLAISANCE_Peronne\u00a9Teddy_Henin-10.jpg","type":"image\/jpeg"}],"twitter_card":"summary_large_image","twitter_misc":{"Dur\u00e9e de lecture estim\u00e9e":"2 minutes"},"schema":{"@context":"https:\/\/schema.org","@graph":[{"@type":"WebPage","@id":"https:\/\/camping-plaisance.com\/index.php\/mentions-legales\/","url":"https:\/\/camping-plaisance.com\/index.php\/mentions-legales\/","name":"Mentions l\u00e9gales | Camping*** du Port de Plaisance","isPartOf":{"@id":"https:\/\/camping-plaisance.com\/#website"},"datePublished":"2025-07-13T08:36:15+00:00","dateModified":"2025-08-28T11:41:22+00:00","description":"Mentions l\u00e9gales relatives \u00e0 toute utilisation du site web du Camping 3 \u00e9toiles du Port de Plaisance situ\u00e9 \u00e0 P\u00e9ronne.","breadcrumb":{"@id":"https:\/\/camping-plaisance.com\/index.php\/mentions-legales\/#breadcrumb"},"inLanguage":"fr-FR","potentialAction":[{"@type":"ReadAction","target":["https:\/\/camping-plaisance.com\/index.php\/mentions-legales\/"]}]},{"@type":"BreadcrumbList","@id":"https:\/\/camping-plaisance.com\/index.php\/mentions-legales\/#breadcrumb","itemListElement":[{"@type":"ListItem","position":1,"name":"Accueil","item":"https:\/\/camping-plaisance.com\/"},{"@type":"ListItem","position":2,"name":"Mentions l\u00e9gales"}]},{"@type":"WebSite","@id":"https:\/\/camping-plaisance.com\/#website","url":"https:\/\/camping-plaisance.com\/","name":"Camping *** du Port de Plaisance","description":"La nature dans la ville","publisher":{"@id":"https:\/\/camping-plaisance.com\/#organization"},"potentialAction":[{"@type":"SearchAction","target":{"@type":"EntryPoint","urlTemplate":"https:\/\/camping-plaisance.com\/?s={search_term_string}"},"query-input":{"@type":"PropertyValueSpecification","valueRequired":true,"valueName":"search_term_string"}}],"inLanguage":"fr-FR"},{"@type":"Organization","@id":"https:\/\/camping-plaisance.com\/#organization","name":"Camping *** du Port de Plaisance \u00e0 P\u00e9ronne","url":"https:\/\/camping-plaisance.com\/","logo":{"@type":"ImageObject","inLanguage":"fr-FR","@id":"https:\/\/camping-plaisance.com\/#\/schema\/logo\/image\/","url":"https:\/\/camping-plaisance.com\/wp-content\/uploads\/2024\/05\/logo-camping.png","contentUrl":"https:\/\/camping-plaisance.com\/wp-content\/uploads\/2024\/05\/logo-camping.png","width":1003,"height":1003,"caption":"Camping *** du Port de Plaisance \u00e0 P\u00e9ronne"},"image":{"@id":"https:\/\/camping-plaisance.com\/#\/schema\/logo\/image\/"},"sameAs":["https:\/\/www.facebook.com\/camping.peronne\/","https:\/\/fr.wikipedia.org\/wiki\/Pronne_Somme"]}]}},"_links":{"self":[{"href":"https:\/\/camping-plaisance.com\/index.php\/wp-json\/wp\/v2\/pages\/58","targetHints":{"allow":["GET"]}}],"collection":[{"href":"https:\/\/camping-plaisance.com\/index.php\/wp-json\/wp\/v2\/pages"}],"about":[{"href":"https:\/\/camping-plaisance.com\/index.php\/wp-json\/wp\/v2\/types\/page"}],"author":[{"embeddable":true,"href":"https:\/\/camping-plaisance.com\/index.php\/wp-json\/wp\/v2\/users\/1"}],"replies":[{"embeddable":true,"href":"https:\/\/camping-plaisance.com\/index.php\/wp-json\/wp\/v2\/comments?post=58"}],"version-history":[{"count":39,"href":"https:\/\/camping-plaisance.com\/index.php\/wp-json\/wp\/v2\/pages\/58\/revisions"}],"predecessor-version":[{"id":137585,"href":"https:\/\/camping-plaisance.com\/index.php\/wp-json\/wp\/v2\/pages\/58\/revisions\/137585"}],"wp:attachment":[{"href":"https:\/\/camping-plaisance.com\/index.php\/wp-json\/wp\/v2\/media?parent=58"}],"curies":[{"name":"wp","href":"https:\/\/api.w.org\/{rel}","templated":true}]}}